{"id":24094,"date":"2024-11-26T06:07:33","date_gmt":"2024-11-26T06:07:33","guid":{"rendered":"https:\/\/marseillevtcnumero1.fr\/?page_id=24094"},"modified":"2026-03-13T20:37:09","modified_gmt":"2026-03-13T20:37:09","slug":"mentions-legales","status":"publish","type":"page","link":"https:\/\/marseillevtcnumero1.fr\/en\/mentions-legales\/","title":{"rendered":"Legal Notices"},"content":{"rendered":"<div data-elementor-type=\"wp-page\" data-elementor-id=\"24094\" class=\"elementor elementor-24094\" data-elementor-settings=\"{&quot;ha_cmc_init_switcher&quot;:&quot;no&quot;}\" data-elementor-post-type=\"page\">\n\t\t\t\t<div class=\"elementor-element elementor-element-694716a e-flex e-con-boxed e-con e-parent\" data-id=\"694716a\" data-element_type=\"container\" data-e-type=\"container\" data-settings=\"{&quot;background_background&quot;:&quot;classic&quot;,&quot;_ha_eqh_enable&quot;:false}\">\n\t\t\t\t\t<div class=\"e-con-inner\">\n\t\t<div class=\"elementor-element elementor-element-0b8309c e-con-full e-flex e-con e-child\" data-id=\"0b8309c\" data-element_type=\"container\" data-e-type=\"container\" data-settings=\"{&quot;_ha_eqh_enable&quot;:false}\">\n\t\t\t\t<div class=\"elementor-element elementor-element-c0c89ba elementor-widget elementor-widget-heading\" data-id=\"c0c89ba\" data-element_type=\"widget\" data-e-type=\"widget\" data-widget_type=\"heading.default\">\n\t\t\t\t<div class=\"elementor-widget-container\">\n\t\t\t\t\t<h2 class=\"elementor-heading-title elementor-size-default\">Legal Notices<\/h2>\t\t\t\t<\/div>\n\t\t\t\t<\/div>\n\t\t\t\t<div class=\"elementor-element elementor-element-1886f34 elementor-widget elementor-widget-heading\" data-id=\"1886f34\" data-element_type=\"widget\" data-e-type=\"widget\" data-widget_type=\"heading.default\">\n\t\t\t\t<div class=\"elementor-widget-container\">\n\t\t\t\t\t<h3 class=\"elementor-heading-title elementor-size-default\">Chauffeur VTC Mentions L\u00e9gales<\/h3>\t\t\t\t<\/div>\n\t\t\t\t<\/div>\n\t\t\t\t<\/div>\n\t\t\t\t\t<\/div>\n\t\t\t\t<\/div>\n\t\t<div class=\"elementor-element elementor-element-114becb e-flex e-con-boxed e-con e-parent\" data-id=\"114becb\" data-element_type=\"container\" data-e-type=\"container\" data-settings=\"{&quot;shape_divider_top&quot;:&quot;drops&quot;,&quot;shape_divider_bottom&quot;:&quot;wave-brush&quot;,&quot;background_background&quot;:&quot;classic&quot;,&quot;_ha_eqh_enable&quot;:false}\">\n\t\t\t\t\t<div class=\"e-con-inner\">\n\t\t\t\t<div class=\"elementor-shape elementor-shape-top\" aria-hidden=\"true\" data-negative=\"false\">\n\t\t\t<svg xmlns=\"http:\/\/www.w3.org\/2000\/svg\" height=\"100%\" viewbox=\"0 0 283.5 27.8\" preserveaspectratio=\"xMidYMax slice\">\n\t<path class=\"elementor-shape-fill\" d=\"M0 0v1.4c.6.7 1.1 1.4 1.4 2 2 3.8 2.2 6.6 1.8 10.8-.3 3.3-2.4 9.4 0 12.3 1.7 2 3.7 1.4 4.6-.9 1.4-3.8-.7-8.2-.6-12 .1-3.7 3.2-5.5 6.9-4.9 4 .6 4.8 4 4.9 7.4.1 1.8-1.1 7 0 8.5.6.8 1.6 1.2 2.4.5 1.4-1.1.1-5.4.1-6.9.1-3.7.3-8.6 4.1-10.5 5-2.5 6.2 1.6 5.4 5.6-.4 1.7-1 9.2 2.9 6.3 1.5-1.1.7-3.5.5-4.9-.4-2.4-.4-4.3 1-6.5.9-1.4 2.4-3.1 4.2-3 2.4.1 2.7 2.2 4 3.7 1.5 1.8 1.8 2.2 3 .1 1.1-1.9 1.2-2.8 3.6-3.3 1.3-.3 4.8-1.4 5.9-.5 1.5 1.1.6 2.8.4 4.3-.2 1.1-.6 4 1.8 3.4 1.7-.4-.3-4.1.6-5.6 1.3-2.2 5.8-1.4 7 .5 1.3 2.1.5 5.8.1 8.1s-1.2 5-.6 7.4c1.3 5.1 4.4.9 4.3-2.4-.1-4.4-2-8.8-.5-13 .9-2.4 4.6-6.6 7.7-4.5 2.7 1.8.5 7.8.2 10.3-.2 1.7-.8 4.6.2 6.2.9 1.4 2 1.5 2.6-.3.5-1.5-.9-4.5-1-6.1-.2-1.7-.4-3.7.2-5.4 1.8-5.6 3.5 2.4 6.3.6 1.4-.9 4.3-9.4 6.1-3.1.6 2.2-1.3 7.8.7 8.9 4.2 2.3 1.5-7.1 2.2-8 3.1-4 4.7 3.8 6.1 4.1 3.1.7 2.8-7.9 8.1-4.5 1.7 1.1 2.9 3.3 3.2 5.2.4 2.2-1 4.5-.6 6.6 1 4.3 4.4 1.5 4.4-1.7 0-2.7-3-8.3 1.4-9.1 4.4-.9 7.3 3.5 7.8 6.9.3 2-1.5 10.9 1.3 11.3 4.1.6-3.2-15.7 4.8-15.8 4.7-.1 2.8 4.1 3.9 6.6 1 2.4 2.1 1 2.3-.8.3-1.9-.9-3.2 1.3-4.3 5.9-2.9 5.9 5.4 5.5 8.5-.3 2-1.7 8.4 2 8.1 6.9-.5-2.8-16.9 4.8-18.7 4.7-1.2 6.1 3.6 6.3 7.1.1 1.7-1.2 8.1.6 9.1 3.5 2 1.9-7 2-8.4.2-4 1.2-9.6 6.4-9.8 4.7-.2 3.2 4.6 2.7 7.5-.4 2.2 1.3 8.6 3.8 4.4 1.1-1.9-.3-4.1-.3-6 0-1.7.4-3.2 1.3-4.6 1-1.6 2.9-3.5 5.1-2.9 2.5.6 2.3 4.1 4.1 4.9 1.9.8 1.6-.9 2.3-2.1 1.2-2.1 2.1-2.1 4.4-2.4 1.4-.2 3.6-1.5 4.9-.5 2.3 1.7-.7 4.4.1 6.5.6 1.5 2.1 1.7 2.8.3.7-1.4-1.1-3.4-.3-4.8 1.4-2.5 6.2-1.2 7.2 1 2.3 4.8-3.3 12-.2 16.3 3 4.1 3.9-2.8 3.8-4.8-.4-4.3-2.1-8.9 0-13.1 1.3-2.5 5.9-5.7 7.9-2.4 2 3.2-1.3 9.8-.8 13.4.5 4.4 3.5 3.3 2.7-.8-.4-1.9-2.4-10 .6-11.1 3.7-1.4 2.8 7.2 6.5.4 2.2-4.1 4.9-3.1 5.2 1.2.1 1.5-.6 3.1-.4 4.6.2 1.9 1.8 3.7 3.3 1.3 1-1.6-2.6-10.4 2.9-7.3 2.6 1.5 1.6 6.5 4.8 2.7 1.3-1.5 1.7-3.6 4-3.7 2.2-.1 4 2.3 4.8 4.1 1.3 2.9-1.5 8.4.9 10.3 4.2 3.3 3-5.5 2.7-6.9-.6-3.9 1-7.2 5.5-5 4.1 2.1 4.3 7.7 4.1 11.6 0 .8-.6 9.5 2.5 5.2 1.2-1.7-.1-7.7.1-9.6.3-2.9 1.2-5.5 4.3-6.2 4.5-1 7.7 1.5 7.4 5.8-.2 3.5-1.8 7.7-.5 11.1 1 2.7 3.6 2.8 5 .2 1.6-3.1 0-8.3-.4-11.6-.4-4.2-.2-7 1.8-10.8 0 0-.1.1-.1.2-.2.4-.3.7-.4.8v.1c-.1.2-.1.2 0 0v-.1l.4-.8c0-.1.1-.1.1-.2.2-.4.5-.8.8-1.2V0H0zM282.7 3.4z\"\/>\n<\/svg>\t\t<\/div>\n\t\t\t\t<div class=\"elementor-shape elementor-shape-bottom\" aria-hidden=\"true\" data-negative=\"false\">\n\t\t\t<svg xmlns=\"http:\/\/www.w3.org\/2000\/svg\" viewbox=\"0 0 283.5 27.8\" preserveaspectratio=\"none\">\n\t<path class=\"elementor-shape-fill\" d=\"M283.5,9.7c0,0-7.3,4.3-14,4.6c-6.8,0.3-12.6,0-20.9-1.5c-11.3-2-33.1-10.1-44.7-5.7\ts-12.1,4.6-18,7.4c-6.6,3.2-20,9.6-36.6,9.3C131.6,23.5,99.5,7.2,86.3,8c-1.4,0.1-6.6,0.8-10.5,2c-3.8,1.2-9.4,3.8-17,4.7\tc-3.2,0.4-8.3,1.1-14.2,0.9c-1.5-0.1-6.3-0.4-12-1.6c-5.7-1.2-11-3.1-15.8-3.7C6.5,9.2,0,10.8,0,10.8V0h283.5V9.7z M260.8,11.3\tc-0.7-1-2-0.4-4.3-0.4c-2.3,0-6.1-1.2-5.8-1.1c0.3,0.1,3.1,1.5,6,1.9C259.7,12.2,261.4,12.3,260.8,11.3z M242.4,8.6\tc0,0-2.4-0.2-5.6-0.9c-3.2-0.8-10.3-2.8-15.1-3.5c-8.2-1.1-15.8,0-15.1,0.1c0.8,0.1,9.6-0.6,17.6,1.1c3.3,0.7,9.3,2.2,12.4,2.7\tC239.9,8.7,242.4,8.6,242.4,8.6z M185.2,8.5c1.7-0.7-13.3,4.7-18.5,6.1c-2.1,0.6-6.2,1.6-10,2c-3.9,0.4-8.9,0.4-8.8,0.5\tc0,0.2,5.8,0.8,11.2,0c5.4-0.8,5.2-1.1,7.6-1.6C170.5,14.7,183.5,9.2,185.2,8.5z M199.1,6.9c0.2,0-0.8-0.4-4.8,1.1\tc-4,1.5-6.7,3.5-6.9,3.7c-0.2,0.1,3.5-1.8,6.6-3C197,7.5,199,6.9,199.1,6.9z M283,6c-0.1,0.1-1.9,1.1-4.8,2.5s-6.9,2.8-6.7,2.7\tc0.2,0,3.5-0.6,7.4-2.5C282.8,6.8,283.1,5.9,283,6z M31.3,11.6c0.1-0.2-1.9-0.2-4.5-1.2s-5.4-1.6-7.8-2C15,7.6,7.3,8.5,7.7,8.6\tC8,8.7,15.9,8.3,20.2,9.3c2.2,0.5,2.4,0.5,5.7,1.6S31.2,11.9,31.3,11.6z M73,9.2c0.4-0.1,3.5-1.6,8.4-2.6c4.9-1.1,8.9-0.5,8.9-0.8\tc0-0.3-1-0.9-6.2-0.3S72.6,9.3,73,9.2z M71.6,6.7C71.8,6.8,75,5.4,77.3,5c2.3-0.3,1.9-0.5,1.9-0.6c0-0.1-1.1-0.2-2.7,0.2\tC74.8,5.1,71.4,6.6,71.6,6.7z M93.6,4.4c0.1,0.2,3.5,0.8,5.6,1.8c2.1,1,1.8,0.6,1.9,0.5c0.1-0.1-0.8-0.8-2.4-1.3\tC97.1,4.8,93.5,4.2,93.6,4.4z M65.4,11.1c-0.1,0.3,0.3,0.5,1.9-0.2s2.6-1.3,2.2-1.2s-0.9,0.4-2.5,0.8C65.3,10.9,65.5,10.8,65.4,11.1\tz M34.5,12.4c-0.2,0,2.1,0.8,3.3,0.9c1.2,0.1,2,0.1,2-0.2c0-0.3-0.1-0.5-1.6-0.4C36.6,12.8,34.7,12.4,34.5,12.4z M152.2,21.1\tc-0.1,0.1-2.4-0.3-7.5-0.3c-5,0-13.6-2.4-17.2-3.5c-3.6-1.1,10,3.9,16.5,4.1C150.5,21.6,152.3,21,152.2,21.1z\"\/>\n\t<path class=\"elementor-shape-fill\" d=\"M269.6,18c-0.1-0.1-4.6,0.3-7.2,0c-7.3-0.7-17-3.2-16.6-2.9c0.4,0.3,13.7,3.1,17,3.3\tC267.7,18.8,269.7,18,269.6,18z\"\/>\n\t<path class=\"elementor-shape-fill\" d=\"M227.4,9.8c-0.2-0.1-4.5-1-9.5-1.2c-5-0.2-12.7,0.6-12.3,0.5c0.3-0.1,5.9-1.8,13.3-1.2\tS227.6,9.9,227.4,9.8z\"\/>\n\t<path class=\"elementor-shape-fill\" d=\"M204.5,13.4c-0.1-0.1,2-1,3.2-1.1c1.2-0.1,2,0,2,0.3c0,0.3-0.1,0.5-1.6,0.4\tC206.4,12.9,204.6,13.5,204.5,13.4z\"\/>\n\t<path class=\"elementor-shape-fill\" d=\"M201,10.6c0-0.1-4.4,1.2-6.3,2.2c-1.9,0.9-6.2,3.1-6.1,3.1c0.1,0.1,4.2-1.6,6.3-2.6\tS201,10.7,201,10.6z\"\/>\n\t<path class=\"elementor-shape-fill\" d=\"M154.5,26.7c-0.1-0.1-4.6,0.3-7.2,0c-7.3-0.7-17-3.2-16.6-2.9c0.4,0.3,13.7,3.1,17,3.3\tC152.6,27.5,154.6,26.8,154.5,26.7z\"\/>\n\t<path class=\"elementor-shape-fill\" d=\"M41.9,19.3c0,0,1.2-0.3,2.9-0.1c1.7,0.2,5.8,0.9,8.2,0.7c4.2-0.4,7.4-2.7,7-2.6\tc-0.4,0-4.3,2.2-8.6,1.9c-1.8-0.1-5.1-0.5-6.7-0.4S41.9,19.3,41.9,19.3z\"\/>\n\t<path class=\"elementor-shape-fill\" d=\"M75.5,12.6c0.2,0.1,2-0.8,4.3-1.1c2.3-0.2,2.1-0.3,2.1-0.5c0-0.1-1.8-0.4-3.4,0\tC76.9,11.5,75.3,12.5,75.5,12.6z\"\/>\n\t<path class=\"elementor-shape-fill\" d=\"M15.6,13.2c0-0.1,4.3,0,6.7,0.5c2.4,0.5,5,1.9,5,2c0,0.1-2.7-0.8-5.1-1.4\tC19.9,13.7,15.7,13.3,15.6,13.2z\"\/>\n<\/svg>\t\t<\/div>\n\t\t\t\t<div class=\"elementor-element elementor-element-4d58548 elementor-widget elementor-widget-text-editor\" data-id=\"4d58548\" data-element_type=\"widget\" data-e-type=\"widget\" data-widget_type=\"text-editor.default\">\n\t\t\t\t<div class=\"elementor-widget-container\">\n\t\t\t\t\t\t\t\t\t<h1 data-section-id=\"19qkmsu\" data-start=\"204\" data-end=\"259\">Mentions L\u00e9gales &amp; Conditions G\u00e9n\u00e9rales d\u2019Utilisation<\/h1><p data-start=\"261\" data-end=\"299\"><strong data-start=\"261\" data-end=\"299\">Derni\u00e8re mise \u00e0 jour : 3 mars 2026<\/strong><\/p><p data-start=\"301\" data-end=\"871\">Les pr\u00e9sentes <strong data-start=\"315\" data-end=\"335\">Legal Notices<\/strong> ont pour objectif d&rsquo;informer les utilisateurs du site Chauffeur VTC Marseille des informations l&eacute;gales relatives &agrave; l&rsquo;&eacute;dition et &agrave; l&rsquo;utilisation du site. Conform&eacute;ment &agrave; l&rsquo;article 6 de la &lt;a href=&quot;\/en\/&nbsp;&raquo;https:\/\/www.legifrance.gouv.fr\/loda\/id\/JORFTEXT000000801164\/&nbsp;&raquo;\/&quot; target=&quot;&nbsp;&raquo;_blank&nbsp;&raquo;&quot; rel=&quot;&nbsp;&raquo;noopener&nbsp;&raquo;&quot;&gt;loi n&deg; 2004-575 du 21 juin 2004 pour la confiance dans l&rsquo;&eacute;conomie num&eacute;rique (LCEN)&lt;\/a&gt;, il est pr&eacute;cis&eacute; aux utilisateurs du site <a class=\"decorated-link\" href=\"https:\/\/marseillevtcnumero1.fr\/en\/\" target=\"_new\" rel=\"noopener\" data-start=\"752\" data-end=\"783\">https:\/\/marseillevtcnumero1.fr\/<\/a> l\u2019identit\u00e9 des diff\u00e9rents intervenants dans le cadre de sa r\u00e9alisation et de son suivi.<\/p><hr data-start=\"873\" data-end=\"876\" \/><h2 data-section-id=\"x1a7vc\" data-start=\"878\" data-end=\"899\">1. Website editing<\/h2><p data-start=\"901\" data-end=\"978\">Nom du site : Chauffeur VTC Marseille<br data-start=\"938\" data-end=\"941\" \/>URL : <a class=\"decorated-link\" href=\"https:\/\/marseillevtcnumero1.fr\/en\/\" target=\"_new\" rel=\"noopener\" data-start=\"947\" data-end=\"978\">https:\/\/marseillevtcnumero1.fr\/<\/a><\/p><p data-start=\"980\" data-end=\"1084\">Propri\u00e9taire : Samir Boughanmi<br data-start=\"1010\" data-end=\"1013\" \/>Email de contact : <a class=\"decorated-link cursor-pointer\" rel=\"noopener\" data-start=\"1032\" data-end=\"1052\">Veloursvtc@gmail.com<\/a><br data-start=\"1052\" data-end=\"1055\" \/>T\u00e9l\u00e9phone : +33 6 52 72 12 46<\/p><p data-start=\"1086\" data-end=\"1207\">Adresse professionnelle : Vieux Port, Marseille, France<br data-start=\"1141\" data-end=\"1144\" \/>Forme juridique : Entrepreneur individuel \/ Profession lib\u00e9rale<\/p><p data-start=\"1209\" data-end=\"1316\">Directeur de la publication : Samir Boughanmi<br data-start=\"1254\" data-end=\"1257\" \/>D\u00e9l\u00e9gu\u00e9 \u00e0 la protection des donn\u00e9es (DPO) : Samir Boughanmi<\/p><hr data-start=\"1318\" data-end=\"1321\" \/><h2 data-section-id=\"m5xqzh\" data-start=\"1323\" data-end=\"1340\">2. H\u00e9bergement<\/h2><p data-start=\"1342\" data-end=\"1454\">H\u00e9bergeur : 1&amp;1 \/ IONOS<br data-start=\"1365\" data-end=\"1368\" \/>Adresse : 7 Place de la Gare, 57200 Sarreguemines, France<br data-start=\"1425\" data-end=\"1428\" \/>T\u00e9l\u00e9phone : 09 70 80 89 11<\/p><hr data-start=\"1456\" data-end=\"1459\" \/><h2 data-section-id=\"13o5bq3\" data-start=\"1461\" data-end=\"1491\">3. Propri\u00e9t\u00e9 intellectuelle<\/h2><p data-start=\"1493\" data-end=\"1720\">Samir Boughanmi d\u00e9tient les droits de propri\u00e9t\u00e9 intellectuelle et les droits d\u2019usage sur tous les \u00e9l\u00e9ments accessibles sur ce site internet, notamment les textes, images, graphismes, logos, vid\u00e9os, architecture, ic\u00f4nes et sons.<\/p><p data-start=\"1722\" data-end=\"1953\">Toute reproduction, repr\u00e9sentation, modification, publication ou adaptation de tout ou partie des \u00e9l\u00e9ments du site, quel que soit le moyen ou le proc\u00e9d\u00e9 utilis\u00e9, est interdite, sauf autorisation \u00e9crite pr\u00e9alable de Samir Boughanmi.<\/p><p data-start=\"1955\" data-end=\"2247\">Toute exploitation non autoris&eacute;e sera consid&eacute;r&eacute;e comme constitutive d&rsquo;une contrefa&ccedil;on et poursuivie conform&eacute;ment aux articles L.335-2 et suivants du &lt;a href=&quot;\/en\/&nbsp;&raquo;https:\/\/www.legifrance.gouv.fr\/codes\/id\/LEGITEXT000006069414\/&nbsp;&raquo;\/&quot; target=&quot;&nbsp;&raquo;_blank&nbsp;&raquo;&quot; rel=&quot;&nbsp;&raquo;noopener&nbsp;&raquo;&quot;&gt;Code de la Propri&eacute;t&eacute; Intellectuelle&lt;\/a&gt;.<\/p><hr data-start=\"2249\" data-end=\"2252\" \/><h2 data-section-id=\"346gy9\" data-start=\"2254\" data-end=\"2289\">4. Limitations de responsabilit\u00e9<\/h2><p data-start=\"2291\" data-end=\"2430\">Chauffeur VTC Marseille agit en tant qu\u2019\u00e9diteur du site. Samir Boughanmi est responsable de la qualit\u00e9 et de la v\u00e9racit\u00e9 du contenu publi\u00e9.<\/p><p data-start=\"2432\" data-end=\"2601\"><strong data-start=\"2432\" data-end=\"2456\">Dommages mat\u00e9riels :<\/strong><br data-start=\"2456\" data-end=\"2459\" \/>Samir Boughanmi ne pourra \u00eatre tenu responsable des dommages directs ou indirects caus\u00e9s au mat\u00e9riel de l\u2019utilisateur lors de l\u2019acc\u00e8s au site.<\/p><p data-start=\"2603\" data-end=\"2837\"><strong data-start=\"2603\" data-end=\"2636\">Exactitude des informations :<\/strong><br data-start=\"2636\" data-end=\"2639\" \/>Bien que nous nous efforcions de maintenir les informations \u00e0 jour, Samir Boughanmi d\u00e9cline toute responsabilit\u00e9 quant \u00e0 l\u2019utilisation qui pourrait \u00eatre faite des informations pr\u00e9sentes sur le site.<\/p><p data-start=\"2839\" data-end=\"3076\"><strong data-start=\"2839\" data-end=\"2858\">Cybers\u00e9curit\u00e9 :<\/strong><br data-start=\"2858\" data-end=\"2861\" \/>Nous nous engageons \u00e0 s\u00e9curiser le site au mieux ; cependant, notre responsabilit\u00e9 ne pourra \u00eatre mise en cause si des donn\u00e9es ind\u00e9sirables (virus ou logiciels malveillants) sont install\u00e9es sur le site \u00e0 notre insu.<\/p><hr data-start=\"3078\" data-end=\"3081\" \/><h2 data-section-id=\"1m6s789\" data-start=\"3083\" data-end=\"3137\">5. Espaces interactifs (Commentaires &amp; Formulaires)<\/h2><p data-start=\"3139\" data-end=\"3390\">Des espaces interactifs sont \u00e0 la disposition des utilisateurs. Samir Boughanmi se r\u00e9serve le droit de supprimer, sans mise en demeure pr\u00e9alable, tout contenu d\u00e9pos\u00e9 qui contreviendrait \u00e0 la l\u00e9gislation applicable en France et dans l\u2019Union europ\u00e9enne.<\/p><p data-start=\"3392\" data-end=\"3567\">Conform\u00e9ment au r\u00e8glement europ\u00e9en sur les services num\u00e9riques (DSA), nous nous r\u00e9servons le droit de mod\u00e9rer ou supprimer tout contenu jug\u00e9 haineux, diffamatoire ou illicite.<\/p><hr data-start=\"3569\" data-end=\"3572\" \/><h2 data-section-id=\"1g5xxpa\" data-start=\"3574\" data-end=\"3619\">6. Gestion des donn\u00e9es personnelles (RGPD)<\/h2><p data-start=\"3621\" data-end=\"3935\">Conform&eacute;ment au &lt;a href=&quot;\/en\/&nbsp;&raquo;https:\/\/www.cnil.fr\/fr\/reglement-europeen-protection-donnees&nbsp;&raquo;\/&quot; target=&quot;&nbsp;&raquo;_blank&nbsp;&raquo;&quot; rel=&quot;&nbsp;&raquo;noopener&nbsp;&raquo;&quot;&gt;R&egrave;glement G&eacute;n&eacute;ral sur la Protection des Donn&eacute;es (RGPD)&lt;\/a&gt; et &agrave; la loi Informatique et Libert&eacute;s, les utilisateurs disposent d&rsquo;un droit d&rsquo;acc&egrave;s, de rectification et de suppression de leurs donn&eacute;es.<\/p><p data-start=\"3937\" data-end=\"4001\">Pour exercer ce droit :<br data-start=\"3960\" data-end=\"3963\" \/>Contactez-nous \u00e0 <a class=\"decorated-link cursor-pointer\" rel=\"noopener\" data-start=\"3980\" data-end=\"4000\">Veloursvtc@gmail.com<\/a>.<\/p><p data-start=\"4003\" data-end=\"4172\"><strong data-start=\"4003\" data-end=\"4032\">Utilisation des donn\u00e9es :<\/strong><br data-start=\"4032\" data-end=\"4035\" \/>Nous collectons uniquement les donn\u00e9es n\u00e9cessaires \u00e0 la r\u00e9servation des services de chauffeur (nom, t\u00e9l\u00e9phone, lieux de prise en charge).<\/p><p data-start=\"4174\" data-end=\"4245\">Pour plus d\u2019informations, consultez notre politique de confidentialit\u00e9.<\/p><hr data-start=\"4247\" data-end=\"4250\" \/><h2 data-section-id=\"8hog2i\" data-start=\"4252\" data-end=\"4286\">7. Liens hypertextes et cookies<\/h2><p data-start=\"4288\" data-end=\"4475\">Le site contient des liens vers des sites tiers. Nous n\u2019exer\u00e7ons aucun contr\u00f4le sur ces sites et d\u00e9clinons toute responsabilit\u00e9 quant \u00e0 leur contenu ou leurs pratiques de confidentialit\u00e9.<\/p><p data-start=\"4477\" data-end=\"4568\">La navigation sur <a class=\"decorated-link\" href=\"https:\/\/marseillevtcnumero1.fr\/en\/\" target=\"_new\" rel=\"noopener\" data-start=\"4495\" data-end=\"4526\">https:\/\/marseillevtcnumero1.fr\/<\/a> peut provoquer l\u2019installation de cookies.<\/p><p data-start=\"4570\" data-end=\"4691\"><strong data-start=\"4570\" data-end=\"4588\">Consentement :<\/strong><br data-start=\"4588\" data-end=\"4591\" \/>Aucun cookie non essentiel ne sera d\u00e9pos\u00e9 sans votre accord explicite via notre banni\u00e8re de cookies.<\/p><p data-start=\"4693\" data-end=\"4769\"><strong data-start=\"4693\" data-end=\"4704\">Dur\u00e9e :<\/strong><br data-start=\"4704\" data-end=\"4707\" \/>Les cookies sont conserv\u00e9s pour une dur\u00e9e maximale de 13 mois.<\/p><p data-start=\"4771\" data-end=\"4899\"><strong data-start=\"4771\" data-end=\"4784\">Gestion :<\/strong><br data-start=\"4784\" data-end=\"4787\" \/>Vous pouvez configurer votre navigateur ou utiliser notre gestionnaire de consentement pour refuser les cookies.<\/p><hr data-start=\"4901\" data-end=\"4904\" \/><h2 data-section-id=\"5tdb19\" data-start=\"4906\" data-end=\"4943\">8. Droit applicable et juridiction<\/h2><p data-start=\"4945\" data-end=\"5159\">Tout litige en relation avec l\u2019utilisation du site est soumis au droit fran\u00e7ais. En dehors des cas o\u00f9 la loi ne le permet pas, il est fait attribution exclusive de juridiction aux tribunaux comp\u00e9tents de Marseille.<\/p>\t\t\t\t\t\t\t\t<\/div>\n\t\t\t\t<\/div>\n\t\t\t\t\t<\/div>\n\t\t\t\t<\/div>\n\t\t\t\t<\/div>","protected":false},"excerpt":{"rendered":"<p>Mentions L\u00e9gales Chauffeur VTC Mentions L\u00e9gales Mentions L\u00e9gales &amp; Conditions G\u00e9n\u00e9rales d\u2019Utilisation Derni\u00e8re mise \u00e0 jour : 3 mars 2026 [&hellip;]<\/p>\n","protected":false},"author":6,"featured_media":27986,"parent":0,"menu_order":0,"comment_status":"closed","ping_status":"closed","template":"","meta":{"site-sidebar-layout":"no-sidebar","site-content-layout":"","ast-site-content-layout":"full-width-container","site-content-style":"default","site-sidebar-style":"default","ast-global-header-display":"","ast-banner-title-visibility":"","ast-main-header-display":"","ast-hfb-above-header-display":"","ast-hfb-below-header-display":"","ast-hfb-mobile-header-display":"","site-post-title":"disabled","ast-breadcrumbs-content":"","ast-featured-img":"disabled","footer-sml-layout":"","ast-disable-related-posts":"","theme-transparent-header-meta":"default","adv-header-id-meta":"","stick-header-meta":"","header-above-stick-meta":"","header-main-stick-meta":"","header-below-stick-meta":"","astra-migrate-meta-layouts":"set","ast-page-background-enabled":"default","ast-page-background-meta":{"desktop":{"background-color":"var(--ast-global-color-4)","background-image":"","background-repeat":"repeat","background-position":"center center","background-size":"auto","background-attachment":"scroll","background-type":"","background-media":"","overlay-type":"","overlay-color":"","overlay-opacity":"","overlay-gradient":""},"tablet":{"background-color":"","background-image":"","background-repeat":"repeat","background-position":"center center","background-size":"auto","background-attachment":"scroll","background-type":"","background-media":"","overlay-type":"","overlay-color":"","overlay-opacity":"","overlay-gradient":""},"mobile":{"background-color":"","background-image":"","background-repeat":"repeat","background-position":"center center","background-size":"auto","background-attachment":"scroll","background-type":"","background-media":"","overlay-type":"","overlay-color":"","overlay-opacity":"","overlay-gradient":""}},"ast-content-background-meta":{"desktop":{"background-color":"var(--ast-global-color-5)","background-image":"","background-repeat":"repeat","background-position":"center center","background-size":"auto","background-attachment":"scroll","background-type":"","background-media":"","overlay-type":"","overlay-color":"","overlay-opacity":"","overlay-gradient":""},"tablet":{"background-color":"var(--ast-global-color-5)","background-image":"","background-repeat":"repeat","background-position":"center center","background-size":"auto","background-attachment":"scroll","background-type":"","background-media":"","overlay-type":"","overlay-color":"","overlay-opacity":"","overlay-gradient":""},"mobile":{"background-color":"var(--ast-global-color-5)","background-image":"","background-repeat":"repeat","background-position":"center center","background-size":"auto","background-attachment":"scroll","background-type":"","background-media":"","overlay-type":"","overlay-color":"","overlay-opacity":"","overlay-gradient":""}},"footnotes":""},"class_list":["post-24094","page","type-page","status-publish","has-post-thumbnail","hentry"],"_links":{"self":[{"href":"https:\/\/marseillevtcnumero1.fr\/en\/wp-json\/wp\/v2\/pages\/24094","targetHints":{"allow":["GET"]}}],"collection":[{"href":"https:\/\/marseillevtcnumero1.fr\/en\/wp-json\/wp\/v2\/pages"}],"about":[{"href":"https:\/\/marseillevtcnumero1.fr\/en\/wp-json\/wp\/v2\/types\/page"}],"author":[{"embeddable":true,"href":"https:\/\/marseillevtcnumero1.fr\/en\/wp-json\/wp\/v2\/users\/6"}],"replies":[{"embeddable":true,"href":"https:\/\/marseillevtcnumero1.fr\/en\/wp-json\/wp\/v2\/comments?post=24094"}],"version-history":[{"count":97,"href":"https:\/\/marseillevtcnumero1.fr\/en\/wp-json\/wp\/v2\/pages\/24094\/revisions"}],"predecessor-version":[{"id":28982,"href":"https:\/\/marseillevtcnumero1.fr\/en\/wp-json\/wp\/v2\/pages\/24094\/revisions\/28982"}],"wp:featuredmedia":[{"embeddable":true,"href":"https:\/\/marseillevtcnumero1.fr\/en\/wp-json\/wp\/v2\/media\/27986"}],"wp:attachment":[{"href":"https:\/\/marseillevtcnumero1.fr\/en\/wp-json\/wp\/v2\/media?parent=24094"}],"curies":[{"name":"wp","href":"https:\/\/api.w.org\/{rel}","templated":true}]}}